{"id":1039,"date":"2019-08-13T08:23:50","date_gmt":"2019-08-13T08:23:50","guid":{"rendered":"https:\/\/www.cuvecom.org\/pagina-inicial\/"},"modified":"2019-08-30T02:13:22","modified_gmt":"2019-08-30T02:13:22","slug":"pagina-inicial","status":"publish","type":"page","link":"https:\/\/cuvecom.org\/pt\/pagina-inicial\/","title":{"rendered":"P\u00e1gina \u00cdnicial"},"content":{"rendered":"<p>Seja bem vindo ao seu site! Esta \u00e9 a sua p\u00e1gina inicial, que \u00e9 o que a maioria dos visitantes ver\u00e1 quando acessarem seu site pela primeira vez.<\/p>","protected":false},"excerpt":{"rendered":"<p>Seja bem vindo ao seu site! Esta \u00e9 a sua p\u00e1gina inicial, que \u00e9 o que a maioria dos visitantes ver\u00e1 quando acessarem seu site pela primeira vez.<\/p>","protected":false},"author":11,"featured_media":0,"parent":0,"menu_order":0,"comment_status":"closed","ping_status":"closed","template":"","meta":{"footnotes":""},"class_list":["post-1039","page","type-page","status-publish","hentry"],"featured_image_urls":{"full":"","thumbnail":"","medium":"","medium_large":"","large":"","1536x1536":"","2048x2048":"","trp-custom-language-flag":"","pixova-lite-custom-logo":"","pixova-lite-project-slider-logo-image":"","pixova-lite-homepage-blog-posts":"","pixova-lite-featured-blog-image":"","pixova-lite-related-posts":"","pixova-lite-recent-works-image":"","form-edit-image-preview":""},"post_excerpt_stackable":"<p>Seja bem vindo ao seu site! Esta \u00e9 a sua p\u00e1gina inicial, que \u00e9 o que a maioria dos visitantes ver\u00e1 quando acessarem seu site pela primeira vez.<\/p>\n","category_list":"","author_info":{"name":"admin","url":"https:\/\/cuvecom.org\/pt\/author\/admin\/"},"comments_num":"0 comments","featured_image_urls_v2":{"full":"","thumbnail":"","medium":"","medium_large":"","large":"","1536x1536":"","2048x2048":"","trp-custom-language-flag":"","pixova-lite-custom-logo":"","pixova-lite-project-slider-logo-image":"","pixova-lite-homepage-blog-posts":"","pixova-lite-featured-blog-image":"","pixova-lite-related-posts":"","pixova-lite-recent-works-image":"","form-edit-image-preview":""},"post_excerpt_stackable_v2":"<p>Seja bem vindo ao seu site! Esta \u00e9 a sua p\u00e1gina inicial, que \u00e9 o que a maioria dos visitantes ver\u00e1 quando acessarem seu site pela primeira vez.<\/p>\n","category_list_v2":"","author_info_v2":{"name":"admin","url":"https:\/\/cuvecom.org\/pt\/author\/admin\/"},"comments_num_v2":"0 comments","_links":{"self":[{"href":"https:\/\/cuvecom.org\/pt\/wp-json\/wp\/v2\/pages\/1039","targetHints":{"allow":["GET"]}}],"collection":[{"href":"https:\/\/cuvecom.org\/pt\/wp-json\/wp\/v2\/pages"}],"about":[{"href":"https:\/\/cuvecom.org\/pt\/wp-json\/wp\/v2\/types\/page"}],"author":[{"embeddable":true,"href":"https:\/\/cuvecom.org\/pt\/wp-json\/wp\/v2\/users\/11"}],"replies":[{"embeddable":true,"href":"https:\/\/cuvecom.org\/pt\/wp-json\/wp\/v2\/comments?post=1039"}],"version-history":[{"count":1,"href":"https:\/\/cuvecom.org\/pt\/wp-json\/wp\/v2\/pages\/1039\/revisions"}],"predecessor-version":[{"id":1040,"href":"https:\/\/cuvecom.org\/pt\/wp-json\/wp\/v2\/pages\/1039\/revisions\/1040"}],"wp:attachment":[{"href":"https:\/\/cuvecom.org\/pt\/wp-json\/wp\/v2\/media?parent=1039"}],"curies":[{"name":"wp","href":"https:\/\/api.w.org\/{rel}","templated":true}]}}