{"id":1079,"date":"2019-08-13T08:36:30","date_gmt":"2019-08-13T08:36:30","guid":{"rendered":"https:\/\/www.cuvecom.org\/gestao-de-recursos\/"},"modified":"2019-08-13T08:36:33","modified_gmt":"2019-08-13T08:36:33","slug":"gestao-de-recursos","status":"publish","type":"page","link":"https:\/\/cuvecom.org\/pt\/gestao-de-recursos\/","title":{"rendered":"Gest\u00e3o de Recursos"},"content":{"rendered":"<div class=\"wp-block-image\"><figure class=\"aligncenter\"><img fetchpriority=\"high\" decoding=\"async\" width=\"1980\" height=\"580\" src=\"https:\/\/cuvecom.org\/wp-content\/uploads\/2019\/04\/rak-pg-resource-m2.png\" alt=\"\" class=\"wp-image-502\" srcset=\"https:\/\/cuvecom.org\/wp-content\/uploads\/2019\/04\/rak-pg-resource-m2.png 1980w, https:\/\/cuvecom.org\/wp-content\/uploads\/2019\/04\/rak-pg-resource-m2-300x88.png 300w, https:\/\/cuvecom.org\/wp-content\/uploads\/2019\/04\/rak-pg-resource-m2-768x225.png 768w, https:\/\/cuvecom.org\/wp-content\/uploads\/2019\/04\/rak-pg-resource-m2-1024x300.png 1024w\" sizes=\"(max-width: 1980px) 100vw, 1980px\" \/><\/figure><\/div>\n\n<p>Atender \u00e0s necessidades h\u00eddricas da popula\u00e7\u00e3o, economia e meio ambiente da Bacia Hidrogr\u00e1fica do Cuevlai e proteger adequadamente seus habitantes contra enchentes e secas \u00e9 um desafio significativo. Com recursos h\u00eddricos superficiais limitados e demandas crescentes, aparentemente mais severas e frequentes, inunda\u00e7\u00f5es e secas, os gestores e tomadores de decis\u00e3o precisam considerar todas as op\u00e7\u00f5es, incluindo o uso sustent\u00e1vel de \u00e1guas subterr\u00e2neas, novas infraestruturas de \u00e1gua e oportunidades para conservar a \u00e1gua.<\/p>\n\n<hr class=\"wp-block-separator\"\/>\n\n<p>Clique aqui para saber mais sobre as demandas de \u00e1gua actuais e esperadas, infra-estrutura da \u00e1gua, monitoramento de recursos, bem como pesquisa e desenvolvimento, siga o rio desde o planalto em Angola at\u00e9 o Etosha Pan na Nam\u00edbia. <\/p>\n\n<div class=\"wp-block-ugb-button ugb-button-wrapper ugb-button--align-center\"><div><a class=\"ugb-button ugb-button--align-center ugb-button--size-normal ugb-button--design-ghost\" href=\"https:\/\/nam02.safelinks.protection.outlook.com\/?url=https%3A%2F%2Fcuvecom.maps.arcgis.com%2Fapps%2FMapJournal%2Findex.html%3Fappid%3D1ee325ed3a63410480e967f0e78970bf%26edit%23&amp;data=02%7C01%7C%7Ce610246ce4f148aaa50708d70b8bddaa%7C84df9e7fe9f640afb435aaaaaaaaaaaa%7C1%7C0%7C636990567651390126&amp;sdata=uvVjd7C8jsZbLRBQiCUu8%2B%2F6uQrWnHIj%2BtG%2BqYA9HdQ%3D&amp;reserved=0\" style=\"border-radius:4px;border-color:#5578ba;color:#5578ba\" target=\"_blank\" rel=\"noopener noreferrer\"><span class=\"ugb-button--inner\" style=\"color:#5578ba\">Comece sua jornada pela bacia do rio Cuvelai<\/span><\/a><\/div><\/div>","protected":false},"excerpt":{"rendered":"<p>Atender \u00e0s necessidades h\u00eddricas da popula\u00e7\u00e3o, economia e meio ambiente da Bacia Hidrogr\u00e1fica do Cuevlai e proteger adequadamente seus habitantes contra enchentes e secas \u00e9 um desafio significativo. Com recursos h\u00eddricos superficiais limitados e demandas crescentes, aparentemente mais severas e frequentes, inunda\u00e7\u00f5es e secas, os gestores e tomadores de decis\u00e3o precisam considerar todas as op\u00e7\u00f5es, incluindo o uso sustent\u00e1vel de \u00e1guas subterr\u00e2neas, novas infraestruturas de \u00e1gua e oportunidades para conservar a \u00e1gua. Clique aqui para<\/p>\n<div class=\"read-more-wrapper\"><a href=\"https:\/\/cuvecom.org\/pt\/gestao-de-recursos\/\" class=\"btn btn-green btn-read-more\" role=\"button\">Read more<\/a><\/div>","protected":false},"author":11,"featured_media":0,"parent":0,"menu_order":0,"comment_status":"closed","ping_status":"closed","template":"","meta":{"footnotes":""},"class_list":["post-1079","page","type-page","status-publish","hentry"],"featured_image_urls":{"full":"","thumbnail":"","medium":"","medium_large":"","large":"","1536x1536":"","2048x2048":"","trp-custom-language-flag":"","pixova-lite-custom-logo":"","pixova-lite-project-slider-logo-image":"","pixova-lite-homepage-blog-posts":"","pixova-lite-featured-blog-image":"","pixova-lite-related-posts":"","pixova-lite-recent-works-image":"","form-edit-image-preview":""},"post_excerpt_stackable":"<p>Atender \u00e0s necessidades h\u00eddricas da popula\u00e7\u00e3o, economia e meio ambiente da Bacia Hidrogr\u00e1fica do Cuevlai e proteger adequadamente seus habitantes contra enchentes e secas \u00e9 um desafio significativo. Com recursos h\u00eddricos superficiais limitados e demandas crescentes, aparentemente mais severas e frequentes, inunda\u00e7\u00f5es e secas, os gestores e tomadores de decis\u00e3o precisam considerar todas as op\u00e7\u00f5es, incluindo o uso sustent\u00e1vel de \u00e1guas subterr\u00e2neas, novas infraestruturas de \u00e1gua e oportunidades para conservar a \u00e1gua. Clique aqui para saber mais sobre as demandas de \u00e1gua actuais e esperadas, infra-estrutura da \u00e1gua, monitoramento de recursos, bem como pesquisa e desenvolvimento, siga o rio desde&hellip;<\/p>\n","category_list":"","author_info":{"name":"admin","url":"https:\/\/cuvecom.org\/pt\/author\/admin\/"},"comments_num":"0 comments","featured_image_urls_v2":{"full":"","thumbnail":"","medium":"","medium_large":"","large":"","1536x1536":"","2048x2048":"","trp-custom-language-flag":"","pixova-lite-custom-logo":"","pixova-lite-project-slider-logo-image":"","pixova-lite-homepage-blog-posts":"","pixova-lite-featured-blog-image":"","pixova-lite-related-posts":"","pixova-lite-recent-works-image":"","form-edit-image-preview":""},"post_excerpt_stackable_v2":"<p>Atender \u00e0s necessidades h\u00eddricas da popula\u00e7\u00e3o, economia e meio ambiente da Bacia Hidrogr\u00e1fica do Cuevlai e proteger adequadamente seus habitantes contra enchentes e secas \u00e9 um desafio significativo. Com recursos h\u00eddricos superficiais limitados e demandas crescentes, aparentemente mais severas e frequentes, inunda\u00e7\u00f5es e secas, os gestores e tomadores de decis\u00e3o precisam considerar todas as op\u00e7\u00f5es, incluindo o uso sustent\u00e1vel de \u00e1guas subterr\u00e2neas, novas infraestruturas de \u00e1gua e oportunidades para conservar a \u00e1gua. Clique aqui para saber mais sobre as demandas de \u00e1gua actuais e esperadas, infra-estrutura da \u00e1gua, monitoramento de recursos, bem como pesquisa e desenvolvimento, siga o rio desde&hellip;<\/p>\n","category_list_v2":"","author_info_v2":{"name":"admin","url":"https:\/\/cuvecom.org\/pt\/author\/admin\/"},"comments_num_v2":"0 comments","_links":{"self":[{"href":"https:\/\/cuvecom.org\/pt\/wp-json\/wp\/v2\/pages\/1079","targetHints":{"allow":["GET"]}}],"collection":[{"href":"https:\/\/cuvecom.org\/pt\/wp-json\/wp\/v2\/pages"}],"about":[{"href":"https:\/\/cuvecom.org\/pt\/wp-json\/wp\/v2\/types\/page"}],"author":[{"embeddable":true,"href":"https:\/\/cuvecom.org\/pt\/wp-json\/wp\/v2\/users\/11"}],"replies":[{"embeddable":true,"href":"https:\/\/cuvecom.org\/pt\/wp-json\/wp\/v2\/comments?post=1079"}],"version-history":[{"count":4,"href":"https:\/\/cuvecom.org\/pt\/wp-json\/wp\/v2\/pages\/1079\/revisions"}],"predecessor-version":[{"id":1085,"href":"https:\/\/cuvecom.org\/pt\/wp-json\/wp\/v2\/pages\/1079\/revisions\/1085"}],"wp:attachment":[{"href":"https:\/\/cuvecom.org\/pt\/wp-json\/wp\/v2\/media?parent=1079"}],"curies":[{"name":"wp","href":"https:\/\/api.w.org\/{rel}","templated":true}]}}