{"id":1106,"date":"2019-08-13T08:43:30","date_gmt":"2019-08-13T08:43:30","guid":{"rendered":"https:\/\/www.cuvecom.org\/a-rio-do-bacia\/"},"modified":"2019-08-13T08:43:34","modified_gmt":"2019-08-13T08:43:34","slug":"a-rio-do-bacia","status":"publish","type":"page","link":"https:\/\/cuvecom.org\/pt\/a-rio-do-bacia\/","title":{"rendered":"A Rio do Bacia"},"content":{"rendered":"<div class=\"wp-block-image\"><figure class=\"aligncenter\"><img fetchpriority=\"high\" decoding=\"async\" width=\"1980\" height=\"580\" src=\"https:\/\/cuvecom.org\/wp-content\/uploads\/2019\/04\/rak-pg-river-basin3.png\" alt=\"\" class=\"wp-image-495\" srcset=\"https:\/\/cuvecom.org\/wp-content\/uploads\/2019\/04\/rak-pg-river-basin3.png 1980w, https:\/\/cuvecom.org\/wp-content\/uploads\/2019\/04\/rak-pg-river-basin3-300x88.png 300w, https:\/\/cuvecom.org\/wp-content\/uploads\/2019\/04\/rak-pg-river-basin3-768x225.png 768w, https:\/\/cuvecom.org\/wp-content\/uploads\/2019\/04\/rak-pg-river-basin3-1024x300.png 1024w\" sizes=\"(max-width: 1980px) 100vw, 1980px\" \/><\/figure><\/div>\n\n<p>A Bacia do Cuvelai, uma zona h\u00famida transfronteiri\u00e7a partilhada por Angola e Nam\u00edbia, cobrindo quase 160.000 km2. Consiste em centenas de canais de drenagem, chamados iishana, muitos dos quais est\u00e3o secos durante a maior parte do ano, mas propensos a inunda\u00e7\u00f5es extensas durante a esta\u00e7\u00e3o chuvosa, devido \u00e0 natureza muito plana do terreno. Os canais fluem do norte ao sul, do planalto angolano do sul at\u00e9 a o Etosha pan, na Nam\u00edbia. \u00c9 uma bacia \u201cendorreica\u201d com toda a sua \u00e1gua a converger para os lagos Omadhiya e Etosha Pan, ou evaporar ao longo do caminho. Sob a superf\u00edcie, h\u00e1 reservas de \u00e1gua subterr\u00e2nea, nem sempre bem quantificadas, mas consideradas significativas em partes da bacia, onde j\u00e1 s\u00e3o uma fonte vital de \u00e1gua para muitas pessoas.<br><\/p>\n\n<hr class=\"wp-block-separator\"\/>\n\n<div class=\"wp-block-image\"><figure class=\"aligncenter is-resized\"><a href=\"https:\/\/cuvecom.org\/wp-content\/uploads\/2019\/03\/river-basin-map.png\"><img decoding=\"async\" src=\"https:\/\/cuvecom.org\/wp-content\/uploads\/2019\/03\/river-basin-map.png\" alt=\"\" class=\"wp-image-148\" width=\"510\" height=\"304\" srcset=\"https:\/\/cuvecom.org\/wp-content\/uploads\/2019\/03\/river-basin-map.png 680w, https:\/\/cuvecom.org\/wp-content\/uploads\/2019\/03\/river-basin-map-300x179.png 300w\" sizes=\"(max-width: 510px) 100vw, 510px\" \/><\/a><\/figure><\/div>\n\n<hr class=\"wp-block-separator\"\/>\n\n<p>Clique aqui para mais informa\u00e7\u00f5es sobre a geografia, clima, recursos h\u00eddricos e ecologia da Bacia Hidrogr\u00e1fica do Cuvelai, siga o rio desde o planalto de Angola at\u00e9 ao Etosha Pan na Nam\u00edbia.<\/p>\n\n<div class=\"wp-block-ugb-button ugb-button-wrapper ugb-button--align-center\"><div><a class=\"ugb-button ugb-button--align-center ugb-button--size-normal ugb-button--design-ghost\" href=\"https:\/\/nam02.safelinks.protection.outlook.com\/?url=https%3A%2F%2Fcuvecom.maps.arcgis.com%2Fapps%2FMapJournal%2Findex.html%3Fappid%3D1ee325ed3a63410480e967f0e78970bf%26edit%23&amp;data=02%7C01%7C%7Ce610246ce4f148aaa50708d70b8bddaa%7C84df9e7fe9f640afb435aaaaaaaaaaaa%7C1%7C0%7C636990567651390126&amp;sdata=uvVjd7C8jsZbLRBQiCUu8%2B%2F6uQrWnHIj%2BtG%2BqYA9HdQ%3D&amp;reserved=0\" style=\"border-radius:4px;border-color:#5578ba;color:#5578ba\" target=\"_blank\" rel=\"noopener noreferrer\"><span class=\"ugb-button--inner\" style=\"color:#5578ba\">Comece sua jornada pela bacia do rio Cuvelai<\/span><\/a><\/div><\/div>\n\n<p><br><\/p>","protected":false},"excerpt":{"rendered":"<p>A Bacia do Cuvelai, uma zona h\u00famida transfronteiri\u00e7a partilhada por Angola e Nam\u00edbia, cobrindo quase 160.000 km2. Consiste em centenas de canais de drenagem, chamados iishana, muitos dos quais est\u00e3o secos durante a maior parte do ano, mas propensos a inunda\u00e7\u00f5es extensas durante a esta\u00e7\u00e3o chuvosa, devido \u00e0 natureza muito plana do terreno. Os canais fluem do norte ao sul, do planalto angolano do sul at\u00e9 a o Etosha pan, na Nam\u00edbia. \u00c9 uma bacia<\/p>\n<div class=\"read-more-wrapper\"><a href=\"https:\/\/cuvecom.org\/pt\/a-rio-do-bacia\/\" class=\"btn btn-green btn-read-more\" role=\"button\">Read more<\/a><\/div>","protected":false},"author":11,"featured_media":0,"parent":0,"menu_order":0,"comment_status":"closed","ping_status":"closed","template":"","meta":{"footnotes":""},"class_list":["post-1106","page","type-page","status-publish","hentry"],"featured_image_urls":{"full":"","thumbnail":"","medium":"","medium_large":"","large":"","1536x1536":"","2048x2048":"","trp-custom-language-flag":"","pixova-lite-custom-logo":"","pixova-lite-project-slider-logo-image":"","pixova-lite-homepage-blog-posts":"","pixova-lite-featured-blog-image":"","pixova-lite-related-posts":"","pixova-lite-recent-works-image":"","form-edit-image-preview":""},"post_excerpt_stackable":"<p>A Bacia do Cuvelai, uma zona h\u00famida transfronteiri\u00e7a partilhada por Angola e Nam\u00edbia, cobrindo quase 160.000 km2. Consiste em centenas de canais de drenagem, chamados iishana, muitos dos quais est\u00e3o secos durante a maior parte do ano, mas propensos a inunda\u00e7\u00f5es extensas durante a esta\u00e7\u00e3o chuvosa, devido \u00e0 natureza muito plana do terreno. Os canais fluem do norte ao sul, do planalto angolano do sul at\u00e9 a o Etosha pan, na Nam\u00edbia. \u00c9 uma bacia \u201cendorreica\u201d com toda a sua \u00e1gua a converger para os lagos Omadhiya e Etosha Pan, ou evaporar ao longo do caminho. Sob a superf\u00edcie, h\u00e1&hellip;<\/p>\n","category_list":"","author_info":{"name":"admin","url":"https:\/\/cuvecom.org\/pt\/author\/admin\/"},"comments_num":"0 comments","featured_image_urls_v2":{"full":"","thumbnail":"","medium":"","medium_large":"","large":"","1536x1536":"","2048x2048":"","trp-custom-language-flag":"","pixova-lite-custom-logo":"","pixova-lite-project-slider-logo-image":"","pixova-lite-homepage-blog-posts":"","pixova-lite-featured-blog-image":"","pixova-lite-related-posts":"","pixova-lite-recent-works-image":"","form-edit-image-preview":""},"post_excerpt_stackable_v2":"<p>A Bacia do Cuvelai, uma zona h\u00famida transfronteiri\u00e7a partilhada por Angola e Nam\u00edbia, cobrindo quase 160.000 km2. Consiste em centenas de canais de drenagem, chamados iishana, muitos dos quais est\u00e3o secos durante a maior parte do ano, mas propensos a inunda\u00e7\u00f5es extensas durante a esta\u00e7\u00e3o chuvosa, devido \u00e0 natureza muito plana do terreno. Os canais fluem do norte ao sul, do planalto angolano do sul at\u00e9 a o Etosha pan, na Nam\u00edbia. \u00c9 uma bacia \u201cendorreica\u201d com toda a sua \u00e1gua a converger para os lagos Omadhiya e Etosha Pan, ou evaporar ao longo do caminho. Sob a superf\u00edcie, h\u00e1&hellip;<\/p>\n","category_list_v2":"","author_info_v2":{"name":"admin","url":"https:\/\/cuvecom.org\/pt\/author\/admin\/"},"comments_num_v2":"0 comments","_links":{"self":[{"href":"https:\/\/cuvecom.org\/pt\/wp-json\/wp\/v2\/pages\/1106","targetHints":{"allow":["GET"]}}],"collection":[{"href":"https:\/\/cuvecom.org\/pt\/wp-json\/wp\/v2\/pages"}],"about":[{"href":"https:\/\/cuvecom.org\/pt\/wp-json\/wp\/v2\/types\/page"}],"author":[{"embeddable":true,"href":"https:\/\/cuvecom.org\/pt\/wp-json\/wp\/v2\/users\/11"}],"replies":[{"embeddable":true,"href":"https:\/\/cuvecom.org\/pt\/wp-json\/wp\/v2\/comments?post=1106"}],"version-history":[{"count":4,"href":"https:\/\/cuvecom.org\/pt\/wp-json\/wp\/v2\/pages\/1106\/revisions"}],"predecessor-version":[{"id":1114,"href":"https:\/\/cuvecom.org\/pt\/wp-json\/wp\/v2\/pages\/1106\/revisions\/1114"}],"wp:attachment":[{"href":"https:\/\/cuvecom.org\/pt\/wp-json\/wp\/v2\/media?parent=1106"}],"curies":[{"name":"wp","href":"https:\/\/api.w.org\/{rel}","templated":true}]}}