{"id":856,"date":"2019-08-10T12:15:53","date_gmt":"2019-08-10T12:15:53","guid":{"rendered":"https:\/\/www.cuvecom.org\/sobre-a-cuvecom\/"},"modified":"2019-08-10T12:15:55","modified_gmt":"2019-08-10T12:15:55","slug":"sobre-a-cuvecom","status":"publish","type":"page","link":"https:\/\/cuvecom.org\/pt\/sobre-a-cuvecom\/","title":{"rendered":"Sobre a CUVECOM"},"content":{"rendered":"<div class=\"wp-block-image\"><figure class=\"aligncenter\"><img fetchpriority=\"high\" decoding=\"async\" width=\"1980\" height=\"580\" src=\"https:\/\/cuvecom.org\/wp-content\/uploads\/2019\/04\/pg-img-cuvecom.png\" alt=\"\" class=\"wp-image-857\" srcset=\"https:\/\/cuvecom.org\/wp-content\/uploads\/2019\/04\/pg-img-cuvecom.png 1980w, https:\/\/cuvecom.org\/wp-content\/uploads\/2019\/04\/pg-img-cuvecom-300x88.png 300w, https:\/\/cuvecom.org\/wp-content\/uploads\/2019\/04\/pg-img-cuvecom-768x225.png 768w, https:\/\/cuvecom.org\/wp-content\/uploads\/2019\/04\/pg-img-cuvecom-1024x300.png 1024w\" sizes=\"(max-width: 1980px) 100vw, 1980px\" \/><\/figure><\/div>\n\n<div class=\"wp-block-image\"><figure class=\"aligncenter\"><img decoding=\"async\" width=\"250\" height=\"250\" src=\"https:\/\/cuvecom.org\/wp-content\/uploads\/2019\/02\/under-construction-logo.png\" alt=\"\" class=\"wp-image-859\" srcset=\"https:\/\/cuvecom.org\/wp-content\/uploads\/2019\/02\/under-construction-logo.png 250w, https:\/\/cuvecom.org\/wp-content\/uploads\/2019\/02\/under-construction-logo-150x150.png 150w, https:\/\/cuvecom.org\/wp-content\/uploads\/2019\/02\/under-construction-logo-100x100.png 100w\" sizes=\"(max-width: 250px) 100vw, 250px\" \/><\/figure><\/div>\n\n<p>A Comiss\u00e3o do Curso de \u00c1gua Cuvelai (CUVECOM) \u00e9 a institui\u00e7\u00e3o respons\u00e1vel pela gest\u00e3o dos recursos h\u00eddricos da Bacia do Rio Cuvelai, um recurso transfronteiri\u00e7o compartilhado por Angola e Nam\u00edbia. A miss\u00e3o da CUVECOM \u00e9 promover e aconselhar sobre a gest\u00e3o sustent\u00e1vel dos recursos h\u00eddricos para apoiar a seguran\u00e7a e o bem-estar da popula\u00e7\u00e3o.<\/p>\n\n<p>A Comiss\u00e3o surgiu oficialmente aos 16 de Setembro de 2014, mas levou algum tempo para criar um secretariado provis\u00f3rio em Ondangwa e Ondjiva. A Comiss\u00e3o est\u00e1 a tornar-se cada vez mais activa, e esta a trabalhar com os governos de Angola e Nam\u00edbia, comunidades e um vasto leque de intervenientes para abordar as quest\u00f5es e desafios relacionados com a \u00e1gua na bacia.<\/p>\n\n<p>A Comiss\u00e3o est\u00e1 ocupada em elaborar um Plano da GIRH para toda a bacia. Embora tenha um longo prazo (20 anos), tamb\u00e9m ter\u00e1 foco nas ac\u00e7\u00f5es priorit\u00e1rias e concretas para os pr\u00f3ximos 5 anos.<\/p>\n\n<p>Abaixo est\u00e1 a proposta de estrutura do cubo (clique na imagem para ampliar):<\/p>\n\n<div class=\"wp-block-image\"><figure class=\"aligncenter\"><a href=\"https:\/\/cuvecom.org\/wp-content\/uploads\/2019\/07\/cuvecom-structure.png\"><img decoding=\"async\" src=\"https:\/\/cuvecom.org\/wp-content\/uploads\/2019\/07\/cuvecom-structure-1024x456.png\" alt=\"\" class=\"wp-image-619\"><\/a><\/figure><\/div>\n\n<div class=\"wp-block-ugb-button ugb-button-wrapper ugb-button--align-center\"><div><a class=\"ugb-button ugb-button--align-center ugb-button--size-normal ugb-button--design-ghost\" href=\"https:\/\/cuvecom.org\/pt\/#contact\" style=\"border-radius:4px;border-color:#5578ba;color:#5578ba\"><span class=\"ugb-button--inner\" style=\"color:#5578ba\">Contato CUVECOM<\/span><\/a><\/div><\/div>","protected":false},"excerpt":{"rendered":"<p>A Comiss\u00e3o do Curso de \u00c1gua Cuvelai (CUVECOM) \u00e9 a institui\u00e7\u00e3o respons\u00e1vel pela gest\u00e3o dos recursos h\u00eddricos da Bacia do Rio Cuvelai, um recurso transfronteiri\u00e7o compartilhado por Angola e Nam\u00edbia. A miss\u00e3o da CUVECOM \u00e9 promover e aconselhar sobre a gest\u00e3o sustent\u00e1vel dos recursos h\u00eddricos para apoiar a seguran\u00e7a e o bem-estar da popula\u00e7\u00e3o. A Comiss\u00e3o surgiu oficialmente aos 16 de Setembro de 2014, mas levou algum tempo para criar um secretariado provis\u00f3rio em Ondangwa<\/p>\n<div class=\"read-more-wrapper\"><a href=\"https:\/\/cuvecom.org\/pt\/sobre-a-cuvecom\/\" class=\"btn btn-green btn-read-more\" role=\"button\">Read more<\/a><\/div>","protected":false},"author":11,"featured_media":0,"parent":0,"menu_order":0,"comment_status":"closed","ping_status":"closed","template":"","meta":{"footnotes":""},"class_list":["post-856","page","type-page","status-publish","hentry"],"featured_image_urls":{"full":"","thumbnail":"","medium":"","medium_large":"","large":"","1536x1536":"","2048x2048":"","trp-custom-language-flag":"","pixova-lite-custom-logo":"","pixova-lite-project-slider-logo-image":"","pixova-lite-homepage-blog-posts":"","pixova-lite-featured-blog-image":"","pixova-lite-related-posts":"","pixova-lite-recent-works-image":"","form-edit-image-preview":""},"post_excerpt_stackable":"<p>A Comiss\u00e3o do Curso de \u00c1gua Cuvelai (CUVECOM) \u00e9 a institui\u00e7\u00e3o respons\u00e1vel pela gest\u00e3o dos recursos h\u00eddricos da Bacia do Rio Cuvelai, um recurso transfronteiri\u00e7o compartilhado por Angola e Nam\u00edbia. A miss\u00e3o da CUVECOM \u00e9 promover e aconselhar sobre a gest\u00e3o sustent\u00e1vel dos recursos h\u00eddricos para apoiar a seguran\u00e7a e o bem-estar da popula\u00e7\u00e3o. A Comiss\u00e3o surgiu oficialmente aos 16 de Setembro de 2014, mas levou algum tempo para criar um secretariado provis\u00f3rio em Ondangwa e Ondjiva. A Comiss\u00e3o est\u00e1 a tornar-se cada vez mais activa, e esta a trabalhar com os governos de Angola e Nam\u00edbia, comunidades e um&hellip;<\/p>\n","category_list":"","author_info":{"name":"admin","url":"https:\/\/cuvecom.org\/pt\/author\/admin\/"},"comments_num":"0 comments","featured_image_urls_v2":{"full":"","thumbnail":"","medium":"","medium_large":"","large":"","1536x1536":"","2048x2048":"","trp-custom-language-flag":"","pixova-lite-custom-logo":"","pixova-lite-project-slider-logo-image":"","pixova-lite-homepage-blog-posts":"","pixova-lite-featured-blog-image":"","pixova-lite-related-posts":"","pixova-lite-recent-works-image":"","form-edit-image-preview":""},"post_excerpt_stackable_v2":"<p>A Comiss\u00e3o do Curso de \u00c1gua Cuvelai (CUVECOM) \u00e9 a institui\u00e7\u00e3o respons\u00e1vel pela gest\u00e3o dos recursos h\u00eddricos da Bacia do Rio Cuvelai, um recurso transfronteiri\u00e7o compartilhado por Angola e Nam\u00edbia. A miss\u00e3o da CUVECOM \u00e9 promover e aconselhar sobre a gest\u00e3o sustent\u00e1vel dos recursos h\u00eddricos para apoiar a seguran\u00e7a e o bem-estar da popula\u00e7\u00e3o. A Comiss\u00e3o surgiu oficialmente aos 16 de Setembro de 2014, mas levou algum tempo para criar um secretariado provis\u00f3rio em Ondangwa e Ondjiva. A Comiss\u00e3o est\u00e1 a tornar-se cada vez mais activa, e esta a trabalhar com os governos de Angola e Nam\u00edbia, comunidades e um&hellip;<\/p>\n","category_list_v2":"","author_info_v2":{"name":"admin","url":"https:\/\/cuvecom.org\/pt\/author\/admin\/"},"comments_num_v2":"0 comments","_links":{"self":[{"href":"https:\/\/cuvecom.org\/pt\/wp-json\/wp\/v2\/pages\/856","targetHints":{"allow":["GET"]}}],"collection":[{"href":"https:\/\/cuvecom.org\/pt\/wp-json\/wp\/v2\/pages"}],"about":[{"href":"https:\/\/cuvecom.org\/pt\/wp-json\/wp\/v2\/types\/page"}],"author":[{"embeddable":true,"href":"https:\/\/cuvecom.org\/pt\/wp-json\/wp\/v2\/users\/11"}],"replies":[{"embeddable":true,"href":"https:\/\/cuvecom.org\/pt\/wp-json\/wp\/v2\/comments?post=856"}],"version-history":[{"count":4,"href":"https:\/\/cuvecom.org\/pt\/wp-json\/wp\/v2\/pages\/856\/revisions"}],"predecessor-version":[{"id":866,"href":"https:\/\/cuvecom.org\/pt\/wp-json\/wp\/v2\/pages\/856\/revisions\/866"}],"wp:attachment":[{"href":"https:\/\/cuvecom.org\/pt\/wp-json\/wp\/v2\/media?parent=856"}],"curies":[{"name":"wp","href":"https:\/\/api.w.org\/{rel}","templated":true}]}}